{"id":9,"date":"2025-05-15T07:36:22","date_gmt":"2025-05-15T07:36:22","guid":{"rendered":"https:\/\/yatengomiestrella.com\/?page_id=9"},"modified":"2025-05-15T20:40:47","modified_gmt":"2025-05-15T20:40:47","slug":"inicio","status":"publish","type":"page","link":"https:\/\/yatengomiestrella.com\/","title":{"rendered":"inicio"},"content":{"rendered":"\t\t<div data-elementor-type=\"wp-post\" data-elementor-id=\"9\" class=\"elementor elementor-9\" data-elementor-post-type=\"page\">\n\t\t\t\t<div class=\"elementor-element elementor-element-c4c94ba e-con-full e-flex e-con e-parent\" data-id=\"c4c94ba\" data-element_type=\"container\" data-e-type=\"container\">\n\t\t<div class=\"elementor-element elementor-element-1b2e8d5 e-con-full e-flex e-con e-child\" data-id=\"1b2e8d5\" data-element_type=\"container\" data-e-type=\"container\">\n\t\t\t\t<div class=\"elementor-element elementor-element-c8e1fad elementor-widget elementor-widget-spacer\" data-id=\"c8e1fad\" data-element_type=\"widget\" data-e-type=\"widget\" data-widget_type=\"spacer.default\">\n\t\t\t\t<div class=\"elementor-widget-container\">\n\t\t\t\t\t\t\t<div class=\"elementor-spacer\">\n\t\t\t<div class=\"elementor-spacer-inner\"><\/div>\n\t\t<\/div>\n\t\t\t\t\t\t<\/div>\n\t\t\t\t<\/div>\n\t\t\t\t<div class=\"elementor-element elementor-element-d595341 elementor-widget elementor-widget-image\" data-id=\"d595341\" data-element_type=\"widget\" data-e-type=\"widget\" data-widget_type=\"image.default\">\n\t\t\t\t<div class=\"elementor-widget-container\">\n\t\t\t\t\t\t\t\t\t\t\t\t\t\t\t<img fetchpriority=\"high\" decoding=\"async\" width=\"500\" height=\"434\" src=\"https:\/\/yatengomiestrella.com\/wp-content\/uploads\/2025\/05\/ingenes-institute-logo-blue-es.png\" class=\"attachment-full size-full wp-image-12\" alt=\"\" srcset=\"https:\/\/yatengomiestrella.com\/wp-content\/uploads\/2025\/05\/ingenes-institute-logo-blue-es.png 500w, https:\/\/yatengomiestrella.com\/wp-content\/uploads\/2025\/05\/ingenes-institute-logo-blue-es-300x260.png 300w\" sizes=\"(max-width: 500px) 100vw, 500px\" \/>\t\t\t\t\t\t\t\t\t\t\t\t\t\t\t<\/div>\n\t\t\t\t<\/div>\n\t\t\t\t<div class=\"elementor-element elementor-element-aac8e0f elementor-widget elementor-widget-heading\" data-id=\"aac8e0f\" data-element_type=\"widget\" data-e-type=\"widget\" data-widget_type=\"heading.default\">\n\t\t\t\t<div class=\"elementor-widget-container\">\n\t\t\t\t\t<h2 class=\"elementor-heading-title elementor-size-default\">Tus sue\u00f1os de tener un beb\u00e9 inspiraron una historia maravillosa, <span>que hoy queremos volverla canci\u00f3n<\/span><\/h2>\t\t\t\t<\/div>\n\t\t\t\t<\/div>\n\t\t\t\t<div class=\"elementor-element elementor-element-b9a4be6 elementor-widget elementor-widget-text-editor\" data-id=\"b9a4be6\" data-element_type=\"widget\" data-e-type=\"widget\" data-widget_type=\"text-editor.default\">\n\t\t\t\t<div class=\"elementor-widget-container\">\n\t\t\t\t\t\t\t\t\t<p>Cu\u00e9ntanos tu historia como mam\u00e1 Ingenes y d\u00e9janos transformarla en una canci\u00f3n hecha especialmente para ti y tu beb\u00e9.\u00a0<\/p>\t\t\t\t\t\t\t\t<\/div>\n\t\t\t\t<\/div>\n\t\t\t\t<\/div>\n\t\t<div class=\"elementor-element elementor-element-bfdb98c e-con-full e-flex e-con e-child\" data-id=\"bfdb98c\" data-element_type=\"container\" data-e-type=\"container\" data-settings=\"{&quot;background_background&quot;:&quot;classic&quot;}\">\n\t\t\t\t<div class=\"elementor-element elementor-element-b6e8b0b elementor-widget elementor-widget-image\" data-id=\"b6e8b0b\" data-element_type=\"widget\" data-e-type=\"widget\" data-widget_type=\"image.default\">\n\t\t\t\t<div class=\"elementor-widget-container\">\n\t\t\t\t\t\t\t\t\t\t\t\t\t\t\t<img decoding=\"async\" width=\"633\" height=\"812\" src=\"https:\/\/yatengomiestrella.com\/wp-content\/uploads\/2025\/05\/Jazmin-pag-107-foto-2.jpeg\" class=\"attachment-full size-full wp-image-13\" alt=\"\" srcset=\"https:\/\/yatengomiestrella.com\/wp-content\/uploads\/2025\/05\/Jazmin-pag-107-foto-2.jpeg 633w, https:\/\/yatengomiestrella.com\/wp-content\/uploads\/2025\/05\/Jazmin-pag-107-foto-2-234x300.jpeg 234w\" sizes=\"(max-width: 633px) 100vw, 633px\" \/>\t\t\t\t\t\t\t\t\t\t\t\t\t\t\t<\/div>\n\t\t\t\t<\/div>\n\t\t\t\t<\/div>\n\t\t\t\t<\/div>\n\t\t<div class=\"elementor-element elementor-element-28321c5 e-con-full e-flex e-con e-parent\" data-id=\"28321c5\" data-element_type=\"container\" data-e-type=\"container\" data-settings=\"{&quot;background_background&quot;:&quot;gradient&quot;}\">\n\t\t<div class=\"elementor-element elementor-element-3110fbe e-con-full e-flex e-con e-child\" data-id=\"3110fbe\" data-element_type=\"container\" data-e-type=\"container\">\n\t\t\t\t<div class=\"elementor-element elementor-element-3a5fe77 elementor-widget elementor-widget-image\" data-id=\"3a5fe77\" data-element_type=\"widget\" data-e-type=\"widget\" data-widget_type=\"image.default\">\n\t\t\t\t<div class=\"elementor-widget-container\">\n\t\t\t\t\t\t\t\t\t\t\t\t\t\t\t<img decoding=\"async\" width=\"500\" height=\"500\" src=\"https:\/\/yatengomiestrella.com\/wp-content\/uploads\/2025\/05\/ingenes_oc_guadalupe.jpg\" class=\"attachment-full size-full wp-image-15\" alt=\"\" srcset=\"https:\/\/yatengomiestrella.com\/wp-content\/uploads\/2025\/05\/ingenes_oc_guadalupe.jpg 500w, https:\/\/yatengomiestrella.com\/wp-content\/uploads\/2025\/05\/ingenes_oc_guadalupe-300x300.jpg 300w, https:\/\/yatengomiestrella.com\/wp-content\/uploads\/2025\/05\/ingenes_oc_guadalupe-150x150.jpg 150w\" sizes=\"(max-width: 500px) 100vw, 500px\" \/>\t\t\t\t\t\t\t\t\t\t\t\t\t\t\t<\/div>\n\t\t\t\t<\/div>\n\t\t\t\t<\/div>\n\t\t<div class=\"elementor-element elementor-element-aa2540f e-con-full e-flex e-con e-child\" data-id=\"aa2540f\" data-element_type=\"container\" data-e-type=\"container\">\n\t\t\t\t<div class=\"elementor-element elementor-element-b1fbc36 elementor-widget elementor-widget-spacer\" data-id=\"b1fbc36\" data-element_type=\"widget\" data-e-type=\"widget\" data-widget_type=\"spacer.default\">\n\t\t\t\t<div class=\"elementor-widget-container\">\n\t\t\t\t\t\t\t<div class=\"elementor-spacer\">\n\t\t\t<div class=\"elementor-spacer-inner\"><\/div>\n\t\t<\/div>\n\t\t\t\t\t\t<\/div>\n\t\t\t\t<\/div>\n\t\t\t\t<div class=\"elementor-element elementor-element-7253c3b elementor-widget elementor-widget-heading\" data-id=\"7253c3b\" data-element_type=\"widget\" data-e-type=\"widget\" data-widget_type=\"heading.default\">\n\t\t\t\t<div class=\"elementor-widget-container\">\n\t\t\t\t\t<h2 class=\"elementor-heading-title elementor-size-default\">Cada familia comienza con un sue\u00f1o, y cada sue\u00f1o cumplido merece ser escuchado<\/h2>\t\t\t\t<\/div>\n\t\t\t\t<\/div>\n\t\t\t\t<div class=\"elementor-element elementor-element-b64d818 elementor-widget elementor-widget-text-editor\" data-id=\"b64d818\" data-element_type=\"widget\" data-e-type=\"widget\" data-widget_type=\"text-editor.default\">\n\t\t\t\t<div class=\"elementor-widget-container\">\n\t\t\t\t\t\t\t\t\t<p>En Ingenes, sabemos que tu historia est\u00e1 llena de momentos \u00fanicos y emocionantes que marcaron tu camino para tener a tu beb\u00e9. Queremos celebrarlos creando\u00a0<strong>una canci\u00f3n que refleje todo el amor, la esperanza y la valent\u00eda<\/strong>\u00a0que inspiraste en cada paso.\u00a0<\/p>\t\t\t\t\t\t\t\t<\/div>\n\t\t\t\t<\/div>\n\t\t\t\t<div class=\"elementor-element elementor-element-5754ba4 elementor-widget elementor-widget-text-editor\" data-id=\"5754ba4\" data-element_type=\"widget\" data-e-type=\"widget\" data-widget_type=\"text-editor.default\">\n\t\t\t\t<div class=\"elementor-widget-container\">\n\t\t\t\t\t\t\t\t\t<p>Esta canci\u00f3n ser\u00e1 para las primeras 50 mam\u00e1s que nos compartan su historia.<\/p>\t\t\t\t\t\t\t\t<\/div>\n\t\t\t\t<\/div>\n\t\t\t\t<div class=\"elementor-element elementor-element-c363fde elementor-widget elementor-widget-spacer\" data-id=\"c363fde\" data-element_type=\"widget\" data-e-type=\"widget\" data-widget_type=\"spacer.default\">\n\t\t\t\t<div class=\"elementor-widget-container\">\n\t\t\t\t\t\t\t<div class=\"elementor-spacer\">\n\t\t\t<div class=\"elementor-spacer-inner\"><\/div>\n\t\t<\/div>\n\t\t\t\t\t\t<\/div>\n\t\t\t\t<\/div>\n\t\t\t\t<\/div>\n\t\t\t\t<\/div>\n\t\t<div class=\"elementor-element elementor-element-1f6da90 e-flex e-con-boxed e-con e-parent\" data-id=\"1f6da90\" data-element_type=\"container\" data-e-type=\"container\">\n\t\t\t\t\t<div class=\"e-con-inner\">\n\t\t\t\t<div class=\"elementor-element elementor-element-9f20190 elementor-widget elementor-widget-spacer\" data-id=\"9f20190\" data-element_type=\"widget\" data-e-type=\"widget\" data-widget_type=\"spacer.default\">\n\t\t\t\t<div class=\"elementor-widget-container\">\n\t\t\t\t\t\t\t<div class=\"elementor-spacer\">\n\t\t\t<div class=\"elementor-spacer-inner\"><\/div>\n\t\t<\/div>\n\t\t\t\t\t\t<\/div>\n\t\t\t\t<\/div>\n\t\t\t\t<div class=\"elementor-element elementor-element-6c22e46 elementor-widget elementor-widget-text-editor\" data-id=\"6c22e46\" data-element_type=\"widget\" data-e-type=\"widget\" data-widget_type=\"text-editor.default\">\n\t\t\t\t<div class=\"elementor-widget-container\">\n\t\t\t\t\t\t\t\t\t<p>Completa tus datos, ya que nos comunicaremos <br \/>contigo para entregarte tu canci\u00f3n.<\/p>\t\t\t\t\t\t\t\t<\/div>\n\t\t\t\t<\/div>\n\t\t\t\t<div class=\"elementor-element elementor-element-f90c0cb elementor-button-align-stretch elementor-widget elementor-widget-form\" data-id=\"f90c0cb\" data-element_type=\"widget\" data-e-type=\"widget\" data-settings=\"{&quot;step_next_label&quot;:&quot;Next&quot;,&quot;step_previous_label&quot;:&quot;Previous&quot;,&quot;button_width&quot;:&quot;100&quot;,&quot;step_type&quot;:&quot;number_text&quot;,&quot;step_icon_shape&quot;:&quot;circle&quot;}\" data-widget_type=\"form.default\">\n\t\t\t\t<div class=\"elementor-widget-container\">\n\t\t\t\t\t\t\t<form class=\"elementor-form\" method=\"post\" name=\"New Form\" aria-label=\"New Form\">\n\t\t\t<input type=\"hidden\" name=\"post_id\" value=\"9\"\/>\n\t\t\t<input type=\"hidden\" name=\"form_id\" value=\"f90c0cb\"\/>\n\t\t\t<input type=\"hidden\" name=\"referer_title\" value=\"\" \/>\n\n\t\t\t\t\t\t\t<input type=\"hidden\" name=\"queried_id\" value=\"9\"\/>\n\t\t\t\n\t\t\t<div class=\"elementor-form-fields-wrapper elementor-labels-above\">\n\t\t\t\t\t\t\t\t<div class=\"elementor-field-type-text elementor-field-group elementor-column elementor-field-group-name elementor-col-100 elementor-field-required elementor-mark-required\">\n\t\t\t\t\t\t\t\t\t\t\t\t<label for=\"form-field-name\" class=\"elementor-field-label\">\n\t\t\t\t\t\t\t\tNombre:\t\t\t\t\t\t\t<\/label>\n\t\t\t\t\t\t\t\t\t\t\t\t\t\t<input size=\"1\" type=\"text\" name=\"form_fields[name]\" id=\"form-field-name\" class=\"elementor-field elementor-size-sm  elementor-field-textual\" required=\"required\">\n\t\t\t\t\t\t\t\t\t\t\t<\/div>\n\t\t\t\t\t\t\t\t<div class=\"elementor-field-type-email elementor-field-group elementor-column elementor-field-group-email elementor-col-100 elementor-field-required elementor-mark-required\">\n\t\t\t\t\t\t\t\t\t\t\t\t<label for=\"form-field-email\" class=\"elementor-field-label\">\n\t\t\t\t\t\t\t\tCorreo electr\u00f3nico:\t\t\t\t\t\t\t<\/label>\n\t\t\t\t\t\t\t\t\t\t\t\t\t\t<input size=\"1\" type=\"email\" name=\"form_fields[email]\" id=\"form-field-email\" class=\"elementor-field elementor-size-sm  elementor-field-textual\" required=\"required\">\n\t\t\t\t\t\t\t\t\t\t\t<\/div>\n\t\t\t\t\t\t\t\t<div class=\"elementor-field-type-textarea elementor-field-group elementor-column elementor-field-group-message elementor-col-100 elementor-field-required elementor-mark-required\">\n\t\t\t\t\t\t\t\t\t\t\t\t<label for=\"form-field-message\" class=\"elementor-field-label\">\n\t\t\t\t\t\t\t\tCu\u00e9ntanos tu historia, qu\u00e9 te motiv\u00f3 a seguir adelante y c\u00f3mo cambi\u00f3 tu vida despu\u00e9s de cumplir tu sue\u00f1o:\t\t\t\t\t\t\t<\/label>\n\t\t\t\t\t\t<textarea class=\"elementor-field-textual elementor-field  elementor-size-sm\" name=\"form_fields[message]\" id=\"form-field-message\" rows=\"4\" required=\"required\"><\/textarea>\t\t\t\t<\/div>\n\t\t\t\t\t\t\t\t<div class=\"elementor-field-type-tel elementor-field-group elementor-column elementor-field-group-field_9e49ec8 elementor-col-100 elementor-field-required elementor-mark-required\">\n\t\t\t\t\t\t\t\t\t\t\t\t<label for=\"form-field-field_9e49ec8\" class=\"elementor-field-label\">\n\t\t\t\t\t\t\t\tTel\u00e9fono (+LADA) \t\t\t\t\t\t\t<\/label>\n\t\t\t\t\t\t\t\t<input size=\"1\" type=\"tel\" name=\"form_fields[field_9e49ec8]\" id=\"form-field-field_9e49ec8\" class=\"elementor-field elementor-size-sm  elementor-field-textual\" required=\"required\" pattern=\"[0-9()#&amp;+*-=.]+\" title=\"Only numbers and phone characters (#, -, *, etc) are accepted.\">\n\n\t\t\t\t\t\t<\/div>\n\t\t\t\t\t\t\t\t<div class=\"elementor-field-group elementor-column elementor-field-type-submit elementor-col-100 e-form__buttons\">\n\t\t\t\t\t<button class=\"elementor-button elementor-size-sm\" type=\"submit\">\n\t\t\t\t\t\t<span class=\"elementor-button-content-wrapper\">\n\t\t\t\t\t\t\t\t\t\t\t\t\t\t\t\t\t\t\t\t\t\t<span class=\"elementor-button-text\">\u00a1Quiero compartir mi historia!<\/span>\n\t\t\t\t\t\t\t\t\t\t\t\t\t<\/span>\n\t\t\t\t\t<\/button>\n\t\t\t\t<\/div>\n\t\t\t<\/div>\n\t\t<\/form>\n\t\t\t\t\t\t<\/div>\n\t\t\t\t<\/div>\n\t\t\t\t<div class=\"elementor-element elementor-element-4c1fb89 elementor-widget elementor-widget-text-editor\" data-id=\"4c1fb89\" data-element_type=\"widget\" data-e-type=\"widget\" data-widget_type=\"text-editor.default\">\n\t\t\t\t<div class=\"elementor-widget-container\">\n\t\t\t\t\t\t\t\t\tNosotros convertiremos tu historia en una canci\u00f3n \u00fanica y especial<br> como agradecimiento por tu confianza.\t\t\t\t\t\t\t\t<\/div>\n\t\t\t\t<\/div>\n\t\t\t\t<div class=\"elementor-element elementor-element-85ab5cc elementor-widget elementor-widget-text-editor\" data-id=\"85ab5cc\" data-element_type=\"widget\" data-e-type=\"widget\" data-widget_type=\"text-editor.default\">\n\t\t\t\t<div class=\"elementor-widget-container\">\n\t\t\t\t\t\t\t\t\t<p>\u00a1Espera nuestro llamado y\/o contacto<br \/>v\u00eda WhatsApp para coordinar la entrega!<\/p>\t\t\t\t\t\t\t\t<\/div>\n\t\t\t\t<\/div>\n\t\t\t\t<div class=\"elementor-element elementor-element-cd70508 elementor-widget elementor-widget-image\" data-id=\"cd70508\" data-element_type=\"widget\" data-e-type=\"widget\" data-widget_type=\"image.default\">\n\t\t\t\t<div class=\"elementor-widget-container\">\n\t\t\t\t\t\t\t\t\t\t\t\t\t\t\t<img loading=\"lazy\" decoding=\"async\" width=\"1920\" height=\"629\" src=\"https:\/\/yatengomiestrella.com\/wp-content\/uploads\/2025\/05\/clinica-de-fertilidad-tratamientos-in-vitro-multiciclo-ingenes-1-1.jpg\" class=\"attachment-full size-full wp-image-14\" alt=\"\" srcset=\"https:\/\/yatengomiestrella.com\/wp-content\/uploads\/2025\/05\/clinica-de-fertilidad-tratamientos-in-vitro-multiciclo-ingenes-1-1.jpg 1920w, https:\/\/yatengomiestrella.com\/wp-content\/uploads\/2025\/05\/clinica-de-fertilidad-tratamientos-in-vitro-multiciclo-ingenes-1-1-300x98.jpg 300w, https:\/\/yatengomiestrella.com\/wp-content\/uploads\/2025\/05\/clinica-de-fertilidad-tratamientos-in-vitro-multiciclo-ingenes-1-1-1024x335.jpg 1024w, https:\/\/yatengomiestrella.com\/wp-content\/uploads\/2025\/05\/clinica-de-fertilidad-tratamientos-in-vitro-multiciclo-ingenes-1-1-768x252.jpg 768w, https:\/\/yatengomiestrella.com\/wp-content\/uploads\/2025\/05\/clinica-de-fertilidad-tratamientos-in-vitro-multiciclo-ingenes-1-1-1536x503.jpg 1536w\" sizes=\"(max-width: 1920px) 100vw, 1920px\" \/>\t\t\t\t\t\t\t\t\t\t\t\t\t\t\t<\/div>\n\t\t\t\t<\/div>\n\t\t\t\t\t<\/div>\n\t\t\t\t<\/div>\n\t\t<div class=\"elementor-element elementor-element-e602d02 e-flex e-con-boxed e-con e-parent\" data-id=\"e602d02\" data-element_type=\"container\" data-e-type=\"container\" data-settings=\"{&quot;background_background&quot;:&quot;classic&quot;}\">\n\t\t\t\t\t<div class=\"e-con-inner\">\n\t\t<div class=\"elementor-element elementor-element-5190c4a e-con-full e-flex e-con e-child\" data-id=\"5190c4a\" data-element_type=\"container\" data-e-type=\"container\">\n\t\t\t\t<div class=\"elementor-element elementor-element-50ec005 elementor-widget elementor-widget-image\" data-id=\"50ec005\" data-element_type=\"widget\" data-e-type=\"widget\" data-widget_type=\"image.default\">\n\t\t\t\t<div class=\"elementor-widget-container\">\n\t\t\t\t\t\t\t\t\t\t\t\t\t\t\t<img loading=\"lazy\" decoding=\"async\" width=\"500\" height=\"434\" src=\"https:\/\/yatengomiestrella.com\/wp-content\/uploads\/2025\/05\/ingenes-logo-b.png\" class=\"attachment-full size-full wp-image-41\" alt=\"\" srcset=\"https:\/\/yatengomiestrella.com\/wp-content\/uploads\/2025\/05\/ingenes-logo-b.png 500w, https:\/\/yatengomiestrella.com\/wp-content\/uploads\/2025\/05\/ingenes-logo-b-300x260.png 300w\" sizes=\"(max-width: 500px) 100vw, 500px\" \/>\t\t\t\t\t\t\t\t\t\t\t\t\t\t\t<\/div>\n\t\t\t\t<\/div>\n\t\t\t\t<\/div>\n\t\t<div class=\"elementor-element elementor-element-58a4cf7 e-con-full e-flex e-con e-child\" data-id=\"58a4cf7\" data-element_type=\"container\" data-e-type=\"container\">\n\t\t\t\t<div class=\"elementor-element elementor-element-971ba4c elementor-widget elementor-widget-text-editor\" data-id=\"971ba4c\" data-element_type=\"widget\" data-e-type=\"widget\" data-widget_type=\"text-editor.default\">\n\t\t\t\t<div class=\"elementor-widget-container\">\n\t\t\t\t\t\t\t\t\t<div>Permiso Cofepris: 133300201A1156\u00a0<\/div><div>Dr. Felipe Camargo C\u00e9dula Profesional SEP: 4452501\u00a0<\/div><div>\u00a9Todos los derechos reservados 2024. Instituto Ingenes, Fertilidad &amp; Gen\u00e9tica<\/div>\t\t\t\t\t\t\t\t<\/div>\n\t\t\t\t<\/div>\n\t\t\t\t<\/div>\n\t\t\t\t\t<\/div>\n\t\t\t\t<\/div>\n\t\t\t\t<\/div>\n\t\t","protected":false},"excerpt":{"rendered":"<p>Tus sue\u00f1os de tener un beb\u00e9 inspiraron una historia maravillosa, que hoy queremos volverla canci\u00f3n Cu\u00e9ntanos tu historia como mam\u00e1 Ingenes y d\u00e9janos transformarla en una canci\u00f3n hecha especialmente para ti y tu beb\u00e9.\u00a0 Cada familia comienza con un sue\u00f1o, y cada sue\u00f1o cumplido merece ser escuchado En Ingenes, sabemos que tu historia est\u00e1 llena [&hellip;]<\/p>\n","protected":false},"author":1,"featured_media":0,"parent":0,"menu_order":0,"comment_status":"closed","ping_status":"closed","template":"elementor_canvas","meta":{"footnotes":""},"class_list":["post-9","page","type-page","status-publish","hentry"],"blocksy_meta":[],"_links":{"self":[{"href":"https:\/\/yatengomiestrella.com\/index.php\/wp-json\/wp\/v2\/pages\/9","targetHints":{"allow":["GET"]}}],"collection":[{"href":"https:\/\/yatengomiestrella.com\/index.php\/wp-json\/wp\/v2\/pages"}],"about":[{"href":"https:\/\/yatengomiestrella.com\/index.php\/wp-json\/wp\/v2\/types\/page"}],"author":[{"embeddable":true,"href":"https:\/\/yatengomiestrella.com\/index.php\/wp-json\/wp\/v2\/users\/1"}],"replies":[{"embeddable":true,"href":"https:\/\/yatengomiestrella.com\/index.php\/wp-json\/wp\/v2\/comments?post=9"}],"version-history":[{"count":0,"href":"https:\/\/yatengomiestrella.com\/index.php\/wp-json\/wp\/v2\/pages\/9\/revisions"}],"wp:attachment":[{"href":"https:\/\/yatengomiestrella.com\/index.php\/wp-json\/wp\/v2\/media?parent=9"}],"curies":[{"name":"wp","href":"https:\/\/api.w.org\/{rel}","templated":true}]}}